{"id":3323,"date":"2025-09-07T17:13:47","date_gmt":"2025-09-07T17:13:47","guid":{"rendered":"https:\/\/slategray-pelican-301329.hostingersite.com\/home-2\/"},"modified":"2025-09-28T20:48:06","modified_gmt":"2025-09-28T20:48:06","slug":"home-2","status":"publish","type":"page","link":"https:\/\/baranwoods.com\/es\/","title":{"rendered":"Home"},"content":{"rendered":"\n<div class=\"wp-block-uagb-container uagb-block-80f8b66e alignfull uagb-is-root-container\"><div class=\"uagb-container-inner-blocks-wrap\">\n<div class=\"wp-block-uagb-info-box uagb-block-ea1e98f0 uagb-infobox__content-wrap  uagb-infobox-icon-above-title uagb-infobox-image-valign-top wp-block-uagb-info-box--has-margin\"><div class=\"uagb-infobox-margin-wrapper\"><div class=\"uagb-ifb-content\"><div class=\"uagb-ifb-title-wrap\"><h3 class=\"uagb-ifb-title-prefix\">Madera de cipr\u00e9s y pino con garant\u00eda de resistencia<\/h3><div class=\"uagb-ifb-separator\"><\/div><h1 class=\"uagb-ifb-title\">Calidad que perdura en cada proyecto<gwmw style=\"display:none;\"><gwmw style=\"display:none;\"><\/gwmw><\/gwmw><\/h1><\/div><\/div><\/div><\/div>\n<\/div><\/div>\n\n\n\n<div class=\"wp-block-uagb-container uagb-layout-grid uagb-block-6f3d1c23 alignfull uagb-is-root-container\"><div class=\"uagb-container-inner-blocks-wrap\">\n<div class=\"wp-block-uagb-image alignleft uagb-block-30761a03 wp-block-uagb-image--layout-default wp-block-uagb-image--effect-static wp-block-uagb-image--align-left\"><figure class=\"wp-block-uagb-image__figure\"><img decoding=\"async\" srcset=\"https:\/\/baranwoods.com\/wp-content\/uploads\/2022\/08\/quote-1.png ,https:\/\/baranwoods.com\/wp-content\/uploads\/2022\/08\/quote-1.png 780w\" sizes=\"auto, (max-width: 480px) 150px\" src=\"https:\/\/baranwoods.com\/wp-content\/uploads\/2022\/08\/quote-1.png\" alt=\"Quote 1\" class=\"uag-image-322\" width=\"94\" height=\"72\" title=\"Home\" loading=\"lazy\" role=\"img\"><\/figure><\/div>\n\n\n\n<div class=\"wp-block-uagb-testimonial uagb-slick-carousel uagb-tm__arrow-outside uagb-block-5f7b5c65 uagb-post__carousel_notset uagb-post__carousel_notset-tablet uagb-post__carousel_notset-mobile\"><div class=\"is-carousel uagb-tm__columns-1 uagb-tm__items\"><div class=\"uagb-testimonial__wrap  uagb-tm__imgicon-style-circle uagb-tm__image-position-bottom uagb-tm__bg-type-none \"><div class=\"uagb-tm__content\"><div class=\"uagb-tm__overlay\"><\/div><div class=\"uagb-tm__text-wrap\"><div class=\"uagb-tm__desc\"><strong>&#8220;Cada tabla que entregamos es fruto de experiencia, esfuerzo y respeto por la naturaleza.&#8221;<\/strong><\/div><div class=\"uagb-tm__meta-inner\"><div class=\"uagb-testimonial-details\"><span class=\"uagb-tm__author-name\"><strong>-Aserradero Baran <\/strong><\/span><span class=\"uagb-tm__company\">Company Name<\/span><\/div><\/div><\/div><\/div><\/div><\/div><\/div>\n<\/div><\/div>\n\n\n\n<div class=\"wp-block-uagb-container uagb-block-ca49e381 alignfull uagb-is-root-container\"><div class=\"uagb-container-inner-blocks-wrap\">\n<div class=\"wp-block-uagb-advanced-heading uagb-block-8100d7ba\"><h2 class=\"uagb-heading-text\">Quienes Somos?<\/h2><div class=\"uagb-separator\"><\/div><\/div>\n\n\n\n<div class=\"wp-block-uagb-container uagb-block-fd7a9936\">\n<div class=\"wp-block-columns is-layout-flex wp-container-core-columns-is-layout-28f84493 wp-block-columns-is-layout-flex\">\n<div class=\"wp-block-column is-layout-flow wp-block-column-is-layout-flow\">\n<div class=\"wp-block-uagb-info-box uagb-block-460d7363 uagb-infobox__content-wrap  uagb-infobox-icon-above-title uagb-infobox-image-valign-top\"><div class=\"uagb-ifb-content\"><div class=\"uagb-ifb-icon-wrap\"><svg xmlns=\"https:\/\/www.w3.org\/2000\/svg\" viewBox=\"0 0 384 512\"><path d=\"M384 48V512l-192-112L0 512V48C0 21.5 21.5 0 48 0h288C362.5 0 384 21.5 384 48z\"><\/path><\/svg><\/div><div class=\"uagb-ifb-title-wrap\"><h3 class=\"uagb-ifb-title\">Misi\u00f3n<\/h3><\/div><p class=\"uagb-ifb-desc\">Nuestra misi\u00f3n es ofrecer madera de la m\u00e1s alta calidad para proyectos de construcci\u00f3n, carpinter\u00eda y dise\u00f1o, combinando experiencia, dedicaci\u00f3n y un servicio cercano. Buscamos que cada cliente se sienta acompa\u00f1ado en todo momento, con soluciones confiables que transmitan el valor de nuestro trabajo y el respeto que tenemos por la naturaleza.<\/p><\/div><\/div>\n<\/div>\n\n\n\n<div class=\"wp-block-column is-layout-flow wp-block-column-is-layout-flow\">\n<div class=\"wp-block-uagb-info-box uagb-block-2522573b uagb-infobox__content-wrap  uagb-infobox-icon-above-title uagb-infobox-image-valign-top\"><div class=\"uagb-ifb-content\"><div class=\"uagb-ifb-icon-wrap\"><svg xmlns=\"https:\/\/www.w3.org\/2000\/svg\" viewBox=\"0 0 384 512\"><path d=\"M384 48V512l-192-112L0 512V48C0 21.5 21.5 0 48 0h288C362.5 0 384 21.5 384 48z\"><\/path><\/svg><\/div><div class=\"uagb-ifb-title-wrap\"><h3 class=\"uagb-ifb-title\">Visi\u00f3n<\/h3><\/div><p class=\"uagb-ifb-desc\">Aspiramos a ser un referente en la industria maderera, reconocidos no solo a nivel local, sino tambi\u00e9n en mercados internacionales que valoran la calidad, la sostenibilidad y la atenci\u00f3n personalizada. Queremos conectar el esfuerzo de nuestra gente con proyectos que trasciendan fronteras, construyendo relaciones duraderas basadas en confianza, honestidad y responsabilidad ambiental.<\/p><\/div><\/div>\n<\/div>\n<\/div>\n<\/div>\n<\/div><\/div>\n\n\n\n<div class=\"wp-block-uagb-container uagb-block-4e5b41fa alignfull uagb-is-root-container\"><div class=\"uagb-container-inner-blocks-wrap\">\n<div class=\"wp-block-uagb-advanced-heading uagb-block-ed3416f6\"><h2 class=\"uagb-heading-text\">Todo para tu Proyecto<\/h2><div class=\"uagb-separator\"><\/div><\/div>\n\n\n\n<div class=\"wp-block-uagb-container uagb-block-0c24c3bb\">\n<div class=\"wp-block-uagb-container uagb-block-2f95617e\">\n<div class=\"wp-block-uagb-image aligncenter uagb-block-399e16d2 wp-block-uagb-image--layout-default wp-block-uagb-image--effect-zoomin wp-block-uagb-image--align-center\"><figure class=\"wp-block-uagb-image__figure\"><img decoding=\"async\" srcset=\"https:\/\/baranwoods.com\/wp-content\/uploads\/2025\/09\/pexels-nc-farm-bureau-mark-12278587-1024x683.jpg ,https:\/\/baranwoods.com\/wp-content\/uploads\/2025\/09\/pexels-nc-farm-bureau-mark-12278587-scaled.jpg 780w, https:\/\/baranwoods.com\/wp-content\/uploads\/2025\/09\/pexels-nc-farm-bureau-mark-12278587-scaled.jpg 360w\" sizes=\"auto, (max-width: 480px) 150px\" src=\"https:\/\/baranwoods.com\/wp-content\/uploads\/2025\/09\/pexels-nc-farm-bureau-mark-12278587-1024x683.jpg\" alt=\"pexels nc farm bureau mark 12278587\" class=\"uag-image-3514\" width=\"475\" height=\"297\" title=\"pexels nc farm bureau mark 12278587\" loading=\"lazy\" role=\"img\"\/><\/figure><\/div>\n\n\n\n<div class=\"wp-block-uagb-info-box uagb-block-2935a13f uagb-infobox__content-wrap  uagb-infobox-icon-above-title uagb-infobox-image-valign-top\"><div class=\"uagb-ifb-content\"><div class=\"uagb-ifb-title-wrap\"><h5 class=\"uagb-ifb-title\">Nuestros Productos<\/h5><\/div><p class=\"uagb-ifb-desc\">\u201cCortes en cipr\u00e9s y pino de diferentes medidas, ideales para construcci\u00f3n.\u201d<\/p><div class=\"uagb-ifb-button-wrapper wp-block-button\"><a href=\"https:\/\/baranwoods.com\/projects\/\" class=\"uagb-infobox-cta-link wp-block-button__link\" target=\"_self\" rel=\"noopener noreferrer\" onclick=\"return true;\"><span class=\"uagb-inline-editing\">Ver m\u00e1s<\/span><svg xmlns=\"https:\/\/www.w3.org\/2000\/svg\" viewBox=\"0 0 512 512\"><path d=\"M504.3 273.6l-112.1 104c-6.992 6.484-17.18 8.218-25.94 4.406c-8.758-3.812-14.42-12.45-14.42-21.1L351.9 288H32C14.33 288 .0002 273.7 .0002 255.1S14.33 224 32 224h319.9l0-72c0-9.547 5.66-18.19 14.42-22c8.754-3.809 18.95-2.075 25.94 4.41l112.1 104C514.6 247.9 514.6 264.1 504.3 273.6z\"><\/path><\/svg><\/a><\/div><\/div><\/div>\n<\/div>\n\n\n\n<div class=\"wp-block-uagb-container uagb-block-65b8b623\">\n<div class=\"wp-block-uagb-image aligncenter uagb-block-3235bff2 wp-block-uagb-image--layout-default wp-block-uagb-image--effect-zoomin wp-block-uagb-image--align-center\"><figure class=\"wp-block-uagb-image__figure\"><img decoding=\"async\" srcset=\"https:\/\/baranwoods.com\/wp-content\/uploads\/2025\/09\/ChatGPT-Image-22-sept-2025-19_43_03-1-1024x683.png ,https:\/\/baranwoods.com\/wp-content\/uploads\/2025\/09\/ChatGPT-Image-22-sept-2025-19_43_03-1.png 780w, https:\/\/baranwoods.com\/wp-content\/uploads\/2025\/09\/ChatGPT-Image-22-sept-2025-19_43_03-1.png 360w\" sizes=\"auto, (max-width: 480px) 150px\" src=\"https:\/\/baranwoods.com\/wp-content\/uploads\/2025\/09\/ChatGPT-Image-22-sept-2025-19_43_03-1-1024x683.png\" alt=\"chatgpt image 22 sept 2025, 19 43 03 (1)\" class=\"uag-image-3516\" width=\"475\" height=\"297\" title=\"chatgpt image 22 sept 2025, 19 43 03 (1)\" loading=\"lazy\" role=\"img\"\/><\/figure><\/div>\n\n\n\n<div class=\"wp-block-uagb-info-box uagb-block-c27f163a uagb-infobox__content-wrap  uagb-infobox-icon-above-title uagb-infobox-image-valign-top\"><div class=\"uagb-ifb-content\"><div class=\"uagb-ifb-title-wrap\"><h5 class=\"uagb-ifb-title\">Nuestros Servicios<\/h5><\/div><p class=\"uagb-ifb-desc\">\u201cAtendemos pedidos personalizados seg\u00fan las necesidades del cliente.\u201d<\/p><div class=\"uagb-ifb-button-wrapper wp-block-button\"><a href=\"https:\/\/baranwoods.com\/services\/\" class=\"uagb-infobox-cta-link wp-block-button__link\" target=\"_self\" rel=\"noopener noreferrer\" onclick=\"return true;\"><span class=\"uagb-inline-editing\">Ver m\u00e1s<\/span><svg xmlns=\"https:\/\/www.w3.org\/2000\/svg\" viewBox=\"0 0 512 512\"><path d=\"M504.3 273.6l-112.1 104c-6.992 6.484-17.18 8.218-25.94 4.406c-8.758-3.812-14.42-12.45-14.42-21.1L351.9 288H32C14.33 288 .0002 273.7 .0002 255.1S14.33 224 32 224h319.9l0-72c0-9.547 5.66-18.19 14.42-22c8.754-3.809 18.95-2.075 25.94 4.41l112.1 104C514.6 247.9 514.6 264.1 504.3 273.6z\"><\/path><\/svg><\/a><\/div><\/div><\/div>\n<\/div>\n<\/div>\n<\/div><\/div>\n\n\n\n<div class=\"wp-block-uagb-container uagb-block-0127aa57 alignfull uagb-is-root-container\"><div class=\"uagb-container-inner-blocks-wrap\">\n<div class=\"wp-block-uagb-info-box uagb-block-f36d28c7 uagb-infobox__content-wrap  uagb-infobox-icon-above-title uagb-infobox-image-valign-top\"><div class=\"uagb-ifb-content\"><div class=\"uagb-ifb-title-wrap\"><h2 class=\"uagb-ifb-title\">Madera que une a Guatemala<\/h2><\/div><div class=\"uagb-ifb-separator\"><\/div><p class=\"uagb-ifb-desc\">\u201cEntregamos nuestros productos en toda Guatemala, con calidad garantizada y listas para tus proyectos de construcci\u00f3n y carpinter\u00eda.\u201d<\/p><div class=\"uagb-ifb-button-wrapper wp-block-button\"><a href=\"https:\/\/baranwoods.com\/contact-2\/\" class=\"uagb-infobox-cta-link wp-block-button__link\" target=\"_self\" rel=\"noopener noreferrer\" onclick=\"return true;\"><span class=\"uagb-inline-editing\">Cont\u00e1ctanos<\/span><svg xmlns=\"https:\/\/www.w3.org\/2000\/svg\" viewBox=\"0 0 448 512\"><path d=\"M438.6 278.6l-160 160C272.4 444.9 264.2 448 256 448s-16.38-3.125-22.62-9.375c-12.5-12.5-12.5-32.75 0-45.25L338.8 288H32C14.33 288 .0016 273.7 .0016 256S14.33 224 32 224h306.8l-105.4-105.4c-12.5-12.5-12.5-32.75 0-45.25s32.75-12.5 45.25 0l160 160C451.1 245.9 451.1 266.1 438.6 278.6z\"><\/path><\/svg><\/a><\/div><\/div><\/div>\n<\/div><\/div>\n\n\n\n<div class=\"wp-block-uagb-container uagb-block-68114d61 alignfull uagb-is-root-container\"><div class=\"uagb-container-inner-blocks-wrap\">\n<div class=\"wp-block-uagb-container uagb-block-3f1399b9\">\n<div class=\"wp-block-uagb-info-box uagb-block-727ca6c6 uagb-infobox__content-wrap  uagb-infobox-icon-above-title uagb-infobox-image-valign-top\"><div class=\"uagb-ifb-content\"><div class=\"uagb-ifb-title-wrap\"><h2 class=\"uagb-ifb-title\">Calidad en Cada Etapa<\/h2><\/div><div class=\"uagb-ifb-separator\"><\/div><p class=\"uagb-ifb-desc\">Supervisamos cada fase: selecci\u00f3n, corte, dimensionado y entrega. La calidad de nuestra madera habla por s\u00ed sola.<\/p><\/div><\/div>\n<\/div>\n\n\n\n<div class=\"wp-block-uagb-container uagb-block-1094613c\">\n<div class=\"wp-block-uagb-image aligncenter uagb-block-30fcdd8d wp-block-uagb-image--layout-default wp-block-uagb-image--effect-zoomin wp-block-uagb-image--align-center\"><figure class=\"wp-block-uagb-image__figure\"><img decoding=\"async\" srcset=\"https:\/\/baranwoods.com\/wp-content\/uploads\/2025\/09\/IMG-20250906-WA0009-768x1024.jpg ,https:\/\/baranwoods.com\/wp-content\/uploads\/2025\/09\/IMG-20250906-WA0009.jpg 780w, https:\/\/baranwoods.com\/wp-content\/uploads\/2025\/09\/IMG-20250906-WA0009.jpg 360w\" sizes=\"auto, (max-width: 480px) 150px\" src=\"https:\/\/baranwoods.com\/wp-content\/uploads\/2025\/09\/IMG-20250906-WA0009-768x1024.jpg\" alt=\"img 20250906 wa0009\" class=\"uag-image-3470\" width=\"360\" height=\"218\" title=\"img 20250906 wa0009\" loading=\"lazy\" role=\"img\"\/><\/figure><\/div>\n\n\n\n<div class=\"wp-block-uagb-image uagb-block-d866eef3 wp-block-uagb-image--layout-default wp-block-uagb-image--effect-zoomin wp-block-uagb-image--align-none\"><figure class=\"wp-block-uagb-image__figure\"><img decoding=\"async\" srcset=\"https:\/\/baranwoods.com\/wp-content\/uploads\/2025\/09\/IMG-20250906-WA0011-768x1024.jpg ,https:\/\/baranwoods.com\/wp-content\/uploads\/2025\/09\/IMG-20250906-WA0011.jpg 780w, https:\/\/baranwoods.com\/wp-content\/uploads\/2025\/09\/IMG-20250906-WA0011.jpg 360w\" sizes=\"auto, (max-width: 480px) 150px\" src=\"https:\/\/baranwoods.com\/wp-content\/uploads\/2025\/09\/IMG-20250906-WA0011-768x1024.jpg\" alt=\"img 20250906 wa0011\" class=\"uag-image-3468\" width=\"360\" height=\"367\" title=\"img 20250906 wa0011\" loading=\"lazy\" role=\"img\"\/><\/figure><\/div>\n<\/div>\n\n\n\n<div class=\"wp-block-uagb-container uagb-block-774d6300\">\n<div class=\"wp-block-uagb-image uagb-block-2d632a7a wp-block-uagb-image--layout-default wp-block-uagb-image--effect-zoomin wp-block-uagb-image--align-none\"><figure class=\"wp-block-uagb-image__figure\"><img decoding=\"async\" srcset=\"https:\/\/baranwoods.com\/wp-content\/uploads\/2025\/09\/IMG-20250912-WA0011-768x1024.jpg ,https:\/\/baranwoods.com\/wp-content\/uploads\/2025\/09\/IMG-20250912-WA0011.jpg 780w, https:\/\/baranwoods.com\/wp-content\/uploads\/2025\/09\/IMG-20250912-WA0011.jpg 360w\" sizes=\"auto, (max-width: 480px) 150px\" src=\"https:\/\/baranwoods.com\/wp-content\/uploads\/2025\/09\/IMG-20250912-WA0011-768x1024.jpg\" alt=\"img 20250912 wa0011\" class=\"uag-image-3472\" width=\"360\" height=\"367\" title=\"img 20250912 wa0011\" loading=\"lazy\" role=\"img\"\/><\/figure><\/div>\n\n\n\n<div class=\"wp-block-uagb-image uagb-block-3f321722 wp-block-uagb-image--layout-default wp-block-uagb-image--effect-zoomin wp-block-uagb-image--align-none\"><figure class=\"wp-block-uagb-image__figure\"><img decoding=\"async\" srcset=\"https:\/\/baranwoods.com\/wp-content\/uploads\/2025\/09\/bar-61849_1280-1024x768.jpg ,https:\/\/baranwoods.com\/wp-content\/uploads\/2025\/09\/bar-61849_1280.jpg 780w, https:\/\/baranwoods.com\/wp-content\/uploads\/2025\/09\/bar-61849_1280.jpg 360w\" sizes=\"auto, (max-width: 480px) 150px\" src=\"https:\/\/baranwoods.com\/wp-content\/uploads\/2025\/09\/bar-61849_1280-1024x768.jpg\" alt=\"bar 61849 1280\" class=\"uag-image-3487\" width=\"360\" height=\"218\" title=\"bar 61849 1280\" loading=\"lazy\" role=\"img\"\/><\/figure><\/div>\n<\/div>\n<\/div><\/div>\n\n\n\n<p><\/p>\n","protected":false},"excerpt":{"rendered":"<p>Quienes Somos? Todo para tu Proyecto<\/p>\n","protected":false},"author":1,"featured_media":0,"parent":0,"menu_order":0,"comment_status":"closed","ping_status":"closed","template":"","meta":{"_uag_custom_page_level_css":"","site-sidebar-layout":"no-sidebar","site-content-layout":"plain-container","ast-site-content-layout":"full-width-container","site-content-style":"unboxed","site-sidebar-style":"unboxed","ast-global-header-display":"","ast-banner-title-visibility":"","ast-main-header-display":"","ast-hfb-above-header-display":"","ast-hfb-below-header-display":"","ast-hfb-mobile-header-display":"","site-post-title":"disabled","ast-breadcrumbs-content":"","ast-featured-img":"","footer-sml-layout":"","theme-transparent-header-meta":"enabled","adv-header-id-meta":"","stick-header-meta":"","header-above-stick-meta":"","header-main-stick-meta":"","header-below-stick-meta":"","astra-migrate-meta-layouts":"set","ast-page-background-enabled":"default","ast-page-background-meta":{"desktop":{"background-color":"","background-image":"","background-repeat":"repeat","background-position":"center center","background-size":"auto","background-attachment":"scroll","background-type":"","background-media":"","overlay-type":"","overlay-color":"","overlay-opacity":"","overlay-gradient":""},"tablet":{"background-color":"","background-image":"","background-repeat":"repeat","background-position":"center center","background-size":"auto","background-attachment":"scroll","background-type":"","background-media":"","overlay-type":"","overlay-color":"","overlay-opacity":"","overlay-gradient":""},"mobile":{"background-color":"","background-image":"","background-repeat":"repeat","background-position":"center center","background-size":"auto","background-attachment":"scroll","background-type":"","background-media":"","overlay-type":"","overlay-color":"","overlay-opacity":"","overlay-gradient":""}},"ast-content-background-meta":{"desktop":{"background-color":"var(--ast-global-color-5)","background-image":"","background-repeat":"repeat","background-position":"center center","background-size":"auto","background-attachment":"scroll","background-type":"","background-media":"","overlay-type":"","overlay-color":"","overlay-opacity":"","overlay-gradient":""},"tablet":{"background-color":"var(--ast-global-color-5)","background-image":"","background-repeat":"repeat","background-position":"center center","background-size":"auto","background-attachment":"scroll","background-type":"","background-media":"","overlay-type":"","overlay-color":"","overlay-opacity":"","overlay-gradient":""},"mobile":{"background-color":"var(--ast-global-color-5)","background-image":"","background-repeat":"repeat","background-position":"center center","background-size":"auto","background-attachment":"scroll","background-type":"","background-media":"","overlay-type":"","overlay-color":"","overlay-opacity":"","overlay-gradient":""}},"footnotes":""},"class_list":["post-3323","page","type-page","status-publish","hentry"],"aioseo_notices":[],"_hostinger_reach_plugin_has_subscription_block":false,"_hostinger_reach_plugin_is_elementor":false,"uagb_featured_image_src":{"full":false,"thumbnail":false,"medium":false,"medium_large":false,"large":false,"1536x1536":false,"2048x2048":false,"trp-custom-language-flag":false},"uagb_author_info":{"display_name":"bsteven_121@hotmail.com","author_link":"https:\/\/baranwoods.com\/es\/author\/bsteven_121hotmail-com\/"},"uagb_comment_info":0,"uagb_excerpt":"Quienes Somos? Todo para tu Proyecto","_links":{"self":[{"href":"https:\/\/baranwoods.com\/es\/wp-json\/wp\/v2\/pages\/3323","targetHints":{"allow":["GET"]}}],"collection":[{"href":"https:\/\/baranwoods.com\/es\/wp-json\/wp\/v2\/pages"}],"about":[{"href":"https:\/\/baranwoods.com\/es\/wp-json\/wp\/v2\/types\/page"}],"author":[{"embeddable":true,"href":"https:\/\/baranwoods.com\/es\/wp-json\/wp\/v2\/users\/1"}],"replies":[{"embeddable":true,"href":"https:\/\/baranwoods.com\/es\/wp-json\/wp\/v2\/comments?post=3323"}],"version-history":[{"count":37,"href":"https:\/\/baranwoods.com\/es\/wp-json\/wp\/v2\/pages\/3323\/revisions"}],"predecessor-version":[{"id":3580,"href":"https:\/\/baranwoods.com\/es\/wp-json\/wp\/v2\/pages\/3323\/revisions\/3580"}],"wp:attachment":[{"href":"https:\/\/baranwoods.com\/es\/wp-json\/wp\/v2\/media?parent=3323"}],"curies":[{"name":"wp","href":"https:\/\/api.w.org\/{rel}","templated":true}]}}